{"id":2756,"date":"2024-10-12T11:42:28","date_gmt":"2024-10-12T16:42:28","guid":{"rendered":"https:\/\/www.colombiahumana.co\/portal\/?page_id=2756"},"modified":"2026-03-09T19:52:39","modified_gmt":"2026-03-10T00:52:39","slug":"afiliacion","status":"publish","type":"page","link":"https:\/\/www.colombiahumana.co\/portal\/afiliacion\/","title":{"rendered":"Afiliaci\u00f3n"},"content":{"rendered":"\n<p><\/p>\n\n\n\n<p>Las afiliaciones ya no est\u00e1n disponibles a Colombia Humana debido a que ya somos Movimiento Pol\u00edtico Pacto Hist\u00f3rico, por favor visitar la p\u00e1gina web oficial del pacto para tramitar tu afiliaci\u00f3n: <a href=\"https:\/\/www.movimientopactohistorico.co\/\">www.movimientopactohistorico.co<\/a><\/p>\n\n\n\n<p><\/p>\n\n\n\n<div style=\"height:21px\" aria-hidden=\"true\" class=\"wp-block-spacer\"><\/div>\n\n\n\n<div style=\"height:21px\" aria-hidden=\"true\" class=\"wp-block-spacer\"><\/div>\n","protected":false},"excerpt":{"rendered":"<p>Las afiliaciones ya no est\u00e1n disponibles a Colombia Humana debido a que ya somos Movimiento Pol\u00edtico Pacto Hist\u00f3rico, por favor visitar la p\u00e1gina web oficial del pacto para tramitar tu afiliaci\u00f3n: www.movimientopactohistorico.co<\/p>\n","protected":false},"author":1,"featured_media":0,"parent":0,"menu_order":0,"comment_status":"closed","ping_status":"closed","template":"","meta":{"footnotes":""},"class_list":["post-2756","page","type-page","status-publish","hentry"],"_links":{"self":[{"href":"https:\/\/www.colombiahumana.co\/portal\/wp-json\/wp\/v2\/pages\/2756","targetHints":{"allow":["GET"]}}],"collection":[{"href":"https:\/\/www.colombiahumana.co\/portal\/wp-json\/wp\/v2\/pages"}],"about":[{"href":"https:\/\/www.colombiahumana.co\/portal\/wp-json\/wp\/v2\/types\/page"}],"author":[{"embeddable":true,"href":"https:\/\/www.colombiahumana.co\/portal\/wp-json\/wp\/v2\/users\/1"}],"replies":[{"embeddable":true,"href":"https:\/\/www.colombiahumana.co\/portal\/wp-json\/wp\/v2\/comments?post=2756"}],"version-history":[{"count":16,"href":"https:\/\/www.colombiahumana.co\/portal\/wp-json\/wp\/v2\/pages\/2756\/revisions"}],"predecessor-version":[{"id":26288,"href":"https:\/\/www.colombiahumana.co\/portal\/wp-json\/wp\/v2\/pages\/2756\/revisions\/26288"}],"wp:attachment":[{"href":"https:\/\/www.colombiahumana.co\/portal\/wp-json\/wp\/v2\/media?parent=2756"}],"curies":[{"name":"wp","href":"https:\/\/api.w.org\/{rel}","templated":true}]}}