{"id":3977,"date":"2024-11-05T15:23:19","date_gmt":"2024-11-05T20:23:19","guid":{"rendered":"https:\/\/www.colombiahumana.co\/portal\/?page_id=3977"},"modified":"2024-11-05T16:11:46","modified_gmt":"2024-11-05T21:11:46","slug":"desafiliacion","status":"publish","type":"page","link":"https:\/\/www.colombiahumana.co\/portal\/desafiliacion\/","title":{"rendered":"Solicitar Desafiliaci\u00f3n"},"content":{"rendered":"<h1>Solicitar desafiliaci\u00f3n.<\/h1>\n<p class=\"i-color_soft i-font-size_2 i-font-weight_500\">\nPara solicitar la desafiliaci\u00f3n es necesario que suministres una copia de tu documento de identidad y que suministres una carta o escrito firmado por t\u00ed donde se indique tu voluntad de desafiliarte al Movimiento Pol\u00edtico Colombia Humana.<\/p>\n<p>Puedes usar la siguiente carta, llenarla y escanearla:<br \/>\n<a href=\"https:\/\/www.colombiahumana.co\/portal\/wp-content\/uploads\/2024\/11\/CARTA-DE-SOLICITUD-DE-DESAFILIACION.pdf\" class=\"ipsButton ipsButton--small ipsButton--secondary\" style=\"margin-top:15px;\">DESCARGAR CARTA<br \/>\n<\/a>\n<\/p>\n<div class=\"frm_forms  with_frm_style frm_style_estilo-de-formidable\" id=\"frm_form_12_container\" data-token=\"862254723e9085fd44a0c63ba053bc45\"><form enctype=\"multipart\/form-data\" method=\"post\" class=\"frm-show-form  frm_js_validate  frm_ajax_submit  frm_pro_form \" id=\"form_registrodesafiliaciones\" data-token=\"862254723e9085fd44a0c63ba053bc45\"><div class=\"frm_form_fields \"><fieldset><legend class=\"frm_screen_reader\">2024 Registro Desafiliaciones<\/legend><div class=\"frm_fields_container\"><input type=\"hidden\" name=\"frm_action\" value=\"create\" \/><input type=\"hidden\" name=\"form_id\" value=\"12\" \/><input type=\"hidden\" name=\"frm_hide_fields_12\" id=\"frm_hide_fields_12\" value=\"\" \/><input type=\"hidden\" name=\"form_key\" value=\"registrodesafiliaciones\" \/><input type=\"hidden\" name=\"item_meta[0]\" value=\"\" \/><input type=\"hidden\" id=\"frm_submit_entry_12\" name=\"frm_submit_entry_12\" value=\"562290bcff\" \/><input type=\"hidden\" name=\"_wp_http_referer\" value=\"\/portal\/wp-json\/wp\/v2\/pages\/3977\" \/><input type=\"hidden\" name=\"item_meta[190]\" id=\"field_pcg6p2\" value=\"\" \/><input type=\"hidden\" name=\"item_meta[819]\" id=\"field_u6s4a\" value=\"\" \/><div id=\"frm_field_191_container\" class=\"frm_form_field form-field  frm_required_field frm_inside_container frm6 frm_first\"><label for=\"field_u33hp42\" id=\"field_u33hp42_label\" class=\"frm_primary_label\">Primer nombre<span class=\"frm_required\" aria-hidden=\"true\">*<\/span><\/label><input  type=\"text\" id=\"field_u33hp42\" name=\"item_meta[191]\" value=\"\"  data-reqmsg=\"Primer nombre no puede estar en blanco.\" aria-required=\"true\" data-invmsg=\"Primer nombre no es v\u00e1lido\" aria-invalid=\"false\"   \/><\/div><div id=\"frm_field_192_container\" class=\"frm_form_field form-field  frm_inside_container frm6\"><label for=\"field_qk2up2\" id=\"field_qk2up2_label\" class=\"frm_primary_label\">Segundo nombre<span class=\"frm_required\" aria-hidden=\"true\"><\/span><\/label><input  type=\"text\" id=\"field_qk2up2\" name=\"item_meta[192]\" value=\"\"  data-invmsg=\"Segundo nombre no es v\u00e1lido\" aria-invalid=\"false\"   \/><\/div><div id=\"frm_field_193_container\" class=\"frm_form_field form-field  frm_required_field frm_inside_container frm6 frm_first\"><label for=\"field_qfh1342\" id=\"field_qfh1342_label\" class=\"frm_primary_label\">Primer apellido<span class=\"frm_required\" aria-hidden=\"true\">*<\/span><\/label><input  type=\"text\" id=\"field_qfh1342\" name=\"item_meta[193]\" value=\"\"  data-reqmsg=\"Primer apellido no puede estar en blanco.\" aria-required=\"true\" data-invmsg=\"Primer apellido no es v\u00e1lido\" aria-invalid=\"false\"   \/><\/div><div id=\"frm_field_194_container\" class=\"frm_form_field form-field  frm_inside_container frm6\"><label for=\"field_3b8y52\" id=\"field_3b8y52_label\" class=\"frm_primary_label\">Segundo apellido<span class=\"frm_required\" aria-hidden=\"true\"><\/span><\/label><input  type=\"text\" id=\"field_3b8y52\" name=\"item_meta[194]\" value=\"\"  data-invmsg=\"Segundo apellido no es v\u00e1lido\" aria-invalid=\"false\"   \/><\/div><div id=\"frm_field_195_container\" class=\"frm_form_field form-field  frm_required_field frm_inside_container frm_label_float_top frm6 frm_first\"><label for=\"field_gds0h2\" id=\"field_gds0h2_label\" class=\"frm_primary_label\">Tipo de documento<span class=\"frm_required\" aria-hidden=\"true\">*<\/span><\/label><select name=\"item_meta[195]\" id=\"field_gds0h2\"  data-placeholder=\"Elige una opci\u00f3n\"  data-frmval=\"C\u00e9dula de Ciudadan\u00eda\" data-reqmsg=\"Tipo de documento no puede estar en blanco.\" aria-required=\"true\" data-invmsg=\"Tipo de documento no es v\u00e1lido\" class=\"frm_slimselect\" aria-invalid=\"false\"  ><option  value=\"C\u00e9dula de Ciudadan\u00eda\" selected='selected'>C\u00e9dula de Ciudadan\u00eda<\/option><option  value=\"C\u00e9dula de Extranjer\u00eda\">C\u00e9dula de Extranjer\u00eda<\/option><option  value=\"Tarjeta de Identidad (14-17 a\u00f1os)\">Tarjeta de Identidad (14-17 a\u00f1os)<\/option><\/select><\/div><div id=\"frm_field_196_container\" class=\"frm_form_field form-field  frm_required_field frm_inside_container frm6\"><label for=\"field_eldte42\" id=\"field_eldte42_label\" class=\"frm_primary_label\">N\u00famero de documento de identidad<span class=\"frm_required\" aria-hidden=\"true\"><\/span><\/label><input type=\"number\" id=\"field_eldte42\" name=\"item_meta[196]\" value=\"\" data-reqmsg=\"N\u00famero de documento de identidad no puede estar en blanco.\" aria-required=\"true\" data-invmsg=\"N\u00famero de documento de identidad no es v\u00e1lido\" aria-invalid=\"false\"   min=\"10000\" max=\"1300000000\" step=\"1\" \/><\/div><div id=\"frm_field_205_container\" class=\"frm_form_field form-field  frm_required_field frm_inside_container frm6 frm_first\"><label for=\"field_y3wu832\" id=\"field_y3wu832_label\" class=\"frm_primary_label\">G\u00e9nero<span class=\"frm_required\" aria-hidden=\"true\">*<\/span><\/label><select name=\"item_meta[205]\" id=\"field_y3wu832\"  data-reqmsg=\"G\u00e9nero no puede estar en blanco.\" aria-required=\"true\" data-invmsg=\"G\u00e9nero no es v\u00e1lido\" aria-invalid=\"false\"  ><option  value=\"\" selected='selected'> <\/option><option  value=\"Masculino\">Masculino<\/option><option  value=\"Femenino\">Femenino<\/option><option  value=\"No binario\">No binario<\/option><\/select><\/div><div id=\"frm_field_199_container\" class=\"frm_form_field form-field  frm_required_field frm_inside_container fr m_first frm6\"><label for=\"field_zoyfc42\" id=\"field_zoyfc42_label\" class=\"frm_primary_label\">N\u00famero de celular<span class=\"frm_required\" aria-hidden=\"true\">*<\/span><\/label><input type=\"number\" id=\"field_zoyfc42\" name=\"item_meta[199]\" value=\"\" data-reqmsg=\"N\u00famero de celular no puede estar en blanco.\" aria-required=\"true\" data-invmsg=\"N\u00famero de celular no es v\u00e1lido\" aria-invalid=\"false\"   min=\"3000000000\" max=\"3999999999\" step=\"1\" \/><\/div><div id=\"frm_field_200_container\" class=\"frm_form_field form-field  frm_required_field frm_inside_container frm12 frm_first\"><label for=\"field_4hmbe42\" id=\"field_4hmbe42_label\" class=\"frm_primary_label\">Correo electr\u00f3nico<span class=\"frm_required\" aria-hidden=\"true\">*<\/span><\/label><input type=\"email\" id=\"field_4hmbe42\" name=\"item_meta[200]\" value=\"\"  data-reqmsg=\"Correo electr\u00f3nico no puede estar en blanco.\" aria-required=\"true\" data-invmsg=\"Correo electr\u00f3nico no es v\u00e1lido. Revisa que no hayan espacios al final o caracteres extra\u00f1os.\" aria-invalid=\"false\"  \/><\/div><div id=\"frm_field_conf_200_container\" class=\"frm_form_field frm_hidden_container frm_conf_field form-field  frm_required_field frm_inside_container frm12 \"><label for=\"field_conf_4hmbe42\" id=\"field_conf_4hmbe42_label\" class=\"frm_conf_label frm_primary_label\">Confirmar Correo electr\u00f3nico<span class=\"frm_required\" aria-hidden=\"true\">*<\/span><\/label><input type=\"email\" id=\"field_conf_4hmbe42\" name=\"item_meta[conf_200]\" value=\"\"  placeholder=\"Confirmar Correo Electr\u00f3nico\" data-reqmsg=\"Confirmar Correo electr\u00f3nico no puede estar en blanco.\" aria-required=\"true\" data-confmsg=\"Los valores introducidos no coinciden\" data-invmsg=\"Confirmar Correo electr\u00f3nico no es v\u00e1lido. Revisa que no hayan espacios al final o caracteres extra\u00f1os.\" aria-invalid=\"false\"   aria-describedby=\"frm_desc_field_conf_4hmbe42\"\/><div class=\"frm_description\" id=\"frm_desc_field_conf_4hmbe42\">Vuelve a escribir tu correo electr\u00f3nico.<\/div><\/div><div id=\"frm_field_201_container\" class=\"frm_form_field form-field  frm_required_field frm_inside_container frm12 frm_first\"><label for=\"field_bie6i42\" id=\"field_bie6i42_label\" class=\"frm_primary_label\">Departamento<span class=\"frm_required\" aria-hidden=\"true\">*<\/span><\/label><select  name=\"item_meta[201]\" id=\"field_bie6i42\"  data-reqmsg=\"Departamento no puede estar en blanco.\" aria-required=\"true\" data-invmsg=\"Departamento no es v\u00e1lido\" aria-invalid=\"false\"  ><option  value=\"\" class=\"frm-select-placeholder\"> <\/option><option  value=\"Amazonas\">Amazonas<\/option><option  value=\"Antioquia\">Antioquia<\/option><option  value=\"Arauca\">Arauca<\/option><option  value=\"Atlantico\">Atlantico<\/option><option  value=\"Bogota D.c.\">Bogota D.c.<\/option><option  value=\"Bolivar\">Bolivar<\/option><option  value=\"Boyaca\">Boyaca<\/option><option  value=\"Caldas\">Caldas<\/option><option  value=\"Caqueta\">Caqueta<\/option><option  value=\"Casanare\">Casanare<\/option><option  value=\"Cauca\">Cauca<\/option><option  value=\"Cesar\">Cesar<\/option><option  value=\"Choco\">Choco<\/option><option  value=\"Cordoba\">Cordoba<\/option><option  value=\"Cundinamarca\">Cundinamarca<\/option><option  value=\"Guainia\">Guainia<\/option><option  value=\"Guaviare\">Guaviare<\/option><option  value=\"Huila\">Huila<\/option><option  value=\"Internacional\">Internacional<\/option><option  value=\"La Guajira\">La Guajira<\/option><option  value=\"Magdalena\">Magdalena<\/option><option  value=\"Meta\">Meta<\/option><option  value=\"Nari\u00f1o\">Nari\u00f1o<\/option><option  value=\"Norte De San\">Norte De San<\/option><option  value=\"Putumayo\">Putumayo<\/option><option  value=\"Quindio\">Quindio<\/option><option  value=\"Risaralda\">Risaralda<\/option><option  value=\"San Andres\">San Andres<\/option><option  value=\"Santander\">Santander<\/option><option  value=\"Sucre\">Sucre<\/option><option  value=\"Tolima\">Tolima<\/option><option  value=\"Valle\">Valle<\/option><option  value=\"Vaupes\">Vaupes<\/option><option  value=\"Vichada\">Vichada<\/option><\/select><div class=\"frm_description\" id=\"frm_desc_field_bie6i42\">Selecciona tu departamento de residencia, si resides en el exterior selecciona Internacional y en el campo de municipio seleccionas el pa\u00eds de residencia.<\/div><\/div><div id=\"frm_field_202_container\" class=\"frm_form_field form-field  frm_required_field frm_top_container frm12 frm_first\"><label for=\"field_wq7wg42\" id=\"field_wq7wg42_label\" class=\"frm_primary_label\">Municipio<span class=\"frm_required\" aria-hidden=\"true\">*<\/span><\/label><select  name=\"item_meta[202]\" id=\"field_wq7wg42\"  data-placeholder=\"Elige una opci\u00f3n\"  data-placeholder=\" \" data-reqmsg=\"Municipio no puede estar en blanco.\" aria-required=\"true\" data-invmsg=\"Municipio no es v\u00e1lido\" class=\"frm_slimselect\" aria-invalid=\"false\"  ><option  data-placeholder=\"true\" value=\"\" class=\"frm-select-placeholder\"> <\/option><\/select><\/div><div id=\"frm_field_203_container\" class=\"frm_form_field form-field  frm_required_field frm_top_container frm12 frm_first\"><label for=\"field_t0ewn2\" id=\"field_t0ewn2_label\" class=\"frm_primary_label\">Localidad<span class=\"frm_required\" aria-hidden=\"true\">*<\/span><\/label><select  name=\"item_meta[203]\" id=\"field_t0ewn2\"  data-placeholder=\"Elige una opci\u00f3n\"  data-placeholder=\" \" data-reqmsg=\"Localidad no puede estar en blanco.\" aria-required=\"true\" data-invmsg=\"Localidad no es v\u00e1lido\" class=\"frm_slimselect\" aria-invalid=\"false\"  ><option  data-placeholder=\"true\" value=\"\" class=\"frm-select-placeholder\"> <\/option><\/select><\/div><div id=\"frm_field_204_container\" class=\"frm_form_field form-field  frm_inside_container\"><label for=\"field_8ay402\" id=\"field_8ay402_label\" class=\"frm_primary_label\">Direcci\u00f3n de residencia<span class=\"frm_required\" aria-hidden=\"true\"><\/span><\/label><input  type=\"text\" id=\"field_8ay402\" name=\"item_meta[204]\" value=\"\"  data-invmsg=\"Direcci\u00f3n de residencia no es v\u00e1lido\" aria-invalid=\"false\" data-geoautocomplete=\"1\" data-geofieldid=\"204\" data-geoshowmap=\"1\"   aria-describedby=\"frm_desc_field_8ay402\" \/><div class=\"frm_description\" id=\"frm_desc_field_8ay402\">Este campo es opcional<\/div><input id=\"geo-lat-204\" name=\"geo_lat[204]\" class=\"frm-geo-lat\" type=\"hidden\" value=\"\"><input id=\"geo-lng-204\" name=\"geo_lng[204]\" class=\"frm-geo-lng\" type=\"hidden\" value=\"\"><div class=\"frm-geolocation-map\" style=\"height: 300px;margin-top:20px\"><\/div><\/div><div id=\"frm_field_211_container\" class=\"frm_form_field form-field  frm_required_field frm_top_container\"><label for=\"field_jz01i3\" id=\"field_jz01i3_label\" class=\"frm_primary_label\">Subir fotocopia del documento de identidad<span class=\"frm_required\" aria-hidden=\"true\">*<\/span><\/label><input type=\"hidden\"  data-reqmsg=\"Subir fotocopia del documento de identidad no puede estar en blanco.\" data-invmsg=\"Subir fotocopia del documento de identidad no es v\u00e1lido\" class=\"auto_width\" aria-invalid=\"false\"   name=\"item_meta[211]\"  data-reqmsg=\"Subir fotocopia del documento de identidad no puede estar en blanco.\"  value=\"\" data-frmfile=\"211\" \/><div class=\"frm_dropzone frm_single_upload frm_clearfix\" id=\"file211_dropzone\" role=\"group\"  aria-describedby=\"frm_desc_field_jz01i3\"><div class=\"fallback\"><input type=\"file\" name=\"file211\" id=\"field_jz01i3\" data-reqmsg=\"Subir fotocopia del documento de identidad no puede estar en blanco.\" data-invmsg=\"Subir fotocopia del documento de identidad no es v\u00e1lido\" class=\"auto_width\" aria-invalid=\"false\"  \/><div class=\"frm_clearfix \"><\/div><\/div><div class=\"dz-message needsclick\"><svg  viewBox=\"0 0 18 18\" class=\"frmsvg frm-svg-icon\"><path viewBox=\"0 0 18 18\" fill-rule=\"evenodd\" clip-rule=\"evenodd\" d=\"M8.2 4v8a.8.8 0 001.5 0V4l2.1 2.2A.7.7 0 1013 5L9.5 1.7a.7.7 0 00-1.1 0L5.1 5.2a.8.8 0 001 1l2.1-2zm7.6 4.3c.4 0 .7.3.7.7v6.8c0 .4-.3.7-.8.7H2.3a.8.8 0 01-.8-.8V9A.8.8 0 013 9v6h12V9c0-.4.3-.8.8-.8z\"><\/path><\/svg><span class=\"frm_upload_text\"><button type=\"button\" aria-label=\"Subir fotocopia del documento de identidad. Arrastra un archivo aqu\u00ed o haz clic para cargar. Tama\u00f1o m\u00e1ximo del archivo: 5MB\">Arrastra un archivo aqu\u00ed o haz clic para cargar<\/button><\/span><span class=\"frm_compact_text\"><button type=\"button\" aria-label=\"Subir fotocopia del documento de identidad. Seleccionar Archivo. Tama\u00f1o m\u00e1ximo del archivo: 5MB\">Seleccionar Archivo<\/button><\/span><div class=\"frm_small_text\"><p>Tama\u00f1o m\u00e1ximo del archivo: 5MB<\/p><\/div><\/div><\/div><div class=\"frm_description\" id=\"frm_desc_field_jz01i3\">sube una fotocopia en formato PDF de tu c\u00e9dula de ciudadan\u00eda, c\u00e9dula de extranjer\u00eda o tarjeta de identidad (14-17 a\u00f1os).<\/div><\/div><div id=\"frm_field_212_container\" class=\"frm_form_field form-field  frm_required_field frm_top_container\"><label for=\"field_uffrw3\" id=\"field_uffrw3_label\" class=\"frm_primary_label\">Carta firmada indicando voluntad de Desafiliaci\u00f3n..<span class=\"frm_required\" aria-hidden=\"true\">*<\/span><\/label><input type=\"hidden\"  data-reqmsg=\"Carta firmada indicando voluntad de Desafiliaci\u00f3n.. no puede estar en blanco.\" data-invmsg=\"Carta firmada indicando voluntad de Desafiliaci\u00f3n.. no es v\u00e1lido\" class=\"auto_width\" aria-invalid=\"false\"   name=\"item_meta[212]\"  data-reqmsg=\"Carta firmada indicando voluntad de Desafiliaci\u00f3n.. no puede estar en blanco.\"  value=\"\" data-frmfile=\"212\" \/><div class=\"frm_dropzone frm_single_upload frm_clearfix\" id=\"file212_dropzone\" role=\"group\" ><div class=\"fallback\"><input type=\"file\" name=\"file212\" id=\"field_uffrw3\" data-reqmsg=\"Carta firmada indicando voluntad de Desafiliaci\u00f3n.. no puede estar en blanco.\" data-invmsg=\"Carta firmada indicando voluntad de Desafiliaci\u00f3n.. no es v\u00e1lido\" class=\"auto_width\" aria-invalid=\"false\"  \/><div class=\"frm_clearfix \"><\/div><\/div><div class=\"dz-message needsclick\"><svg  viewBox=\"0 0 18 18\" class=\"frmsvg frm-svg-icon\"><path viewBox=\"0 0 18 18\" fill-rule=\"evenodd\" clip-rule=\"evenodd\" d=\"M8.2 4v8a.8.8 0 001.5 0V4l2.1 2.2A.7.7 0 1013 5L9.5 1.7a.7.7 0 00-1.1 0L5.1 5.2a.8.8 0 001 1l2.1-2zm7.6 4.3c.4 0 .7.3.7.7v6.8c0 .4-.3.7-.8.7H2.3a.8.8 0 01-.8-.8V9A.8.8 0 013 9v6h12V9c0-.4.3-.8.8-.8z\"><\/path><\/svg><span class=\"frm_upload_text\"><button type=\"button\" aria-label=\"Carta firmada indicando voluntad de Desafiliaci\u00f3n... Arrastra un archivo aqu\u00ed o haz clic para cargar. Tama\u00f1o m\u00e1ximo del archivo: 5MB\">Arrastra un archivo aqu\u00ed o haz clic para cargar<\/button><\/span><span class=\"frm_compact_text\"><button type=\"button\" aria-label=\"Carta firmada indicando voluntad de Desafiliaci\u00f3n... Seleccionar Archivo. Tama\u00f1o m\u00e1ximo del archivo: 5MB\">Seleccionar Archivo<\/button><\/span><div class=\"frm_small_text\"><p>Tama\u00f1o m\u00e1ximo del archivo: 5MB<\/p><\/div><\/div><\/div><\/div><div id=\"frm_field_213_container\" class=\"frm_form_field form-field  frm_required_field frm_top_container vertical_radio\"><div  id=\"field_ytgda42_label\" class=\"frm_primary_label\">Acepta pol\u00edtica de privacidad.<span class=\"frm_required\" aria-hidden=\"true\">*<\/span><\/div><div class=\"frm_opt_container\" aria-labelledby=\"field_ytgda42_label\" role=\"radiogroup\" aria-required=\"true\"><div class=\"frm_radio\" id=\"frm_radio_213-0\"><label  for=\"field_ytgda42-0\"><input type=\"radio\" name=\"item_meta[213]\" id=\"field_ytgda42-0\" value=\"S\u00ed\"   data-reqmsg=\"Acepta pol\u00edtica de privacidad. no puede estar en blanco.\" data-invmsg=\"Acepta pol\u00edtica de privacidad. no es v\u00e1lido\" aria-invalid=\"false\"  \/> S\u00ed<\/label><\/div><\/div><div class=\"frm_description\" id=\"frm_desc_field_ytgda42\">Al decir que acepta que: \"He le\u00eddo y acepto los t\u00e9rminos de privacidad, y consiento el uso de mis datos personales, incluyendo la foto de mi documento de identidad, seg\u00fan lo descrito.\"<\/ br><\/ br><b>Aviso de privacidad:<\/b>\"Este formulario recopila informaci\u00f3n personal, incluyendo una copia de su documento de identidad, con el fin de solicitar la DESAFILIACI\u00d3N al Movimiento Pol\u00edtico Colombia Humana, en tal sentido autorizas que tu informaci\u00f3n de identificaci\u00f3n se cargue al Registro \u00danico de Partidos y Movimientos Pol\u00edticos (RUPYM) del Consejo Nacional Electoral para el tramite correspondiente.El tramite de la desafiliaci\u00f3n no implica el borrado completo de su informaci\u00f3n personal. El Movimiento Pol\u00edtico Colombia Humana siempre guardar\u00e1 un registro de la informaci\u00f3n que suministr\u00f3 al afiliarse y de la solicitud de afiliaci\u00f3n. Al enviar este formulario, usted consiente el uso de su informaci\u00f3n de acuerdo con estos t\u00e9rminos.\"<\/div><\/div><input type=\"hidden\" name=\"item_meta[214]\" id=\"field_pwqpq2\" value=\"\" data-frmval=\"\"\/><div id=\"frm_field_215_container\" class=\"frm_form_field form-field  frm12\"><div class=\"frm_submit frm_flex\"><button class=\"frm_button_submit frm_final_submit\" type=\"submit\"   formnovalidate=\"formnovalidate\">Solicitar Desafiliaci\u00f3n<\/button><\/div><\/div><input type=\"hidden\" name=\"item_key\" value=\"\" \/><div id=\"frm_field_874_container\"><label for=\"field_4yunf\" >Si eres humano, deja este campo en blanco.<\/label><input  id=\"field_4yunf\" type=\"text\" class=\"frm_form_field form-field frm_verify\" name=\"item_meta[874]\" value=\"\"  \/><\/div><input name=\"frm_state\" type=\"hidden\" value=\"aZfkcgnFVWSESDYssPompk9odxg0Ibc4eLe0HBokNBahd9aCp2+7OuWUhfrai2Fo\" \/><\/div><\/fieldset><\/div><\/form><\/div>\n","protected":false},"excerpt":{"rendered":"<p>Solicitar desafiliaci\u00f3n. Para solicitar la desafiliaci\u00f3n es necesario que suministres una copia de tu documento de identidad y que suministres una carta o escrito firmado por t\u00ed donde se indique tu voluntad de desafiliarte al Movimiento Pol\u00edtico Colombia Humana. Puedes usar la siguiente carta, llenarla y escanearla: DESCARGAR CARTA<\/p>\n","protected":false},"author":3,"featured_media":0,"parent":0,"menu_order":0,"comment_status":"closed","ping_status":"closed","template":"","meta":{"footnotes":""},"class_list":["post-3977","page","type-page","status-publish","hentry"],"_links":{"self":[{"href":"https:\/\/www.colombiahumana.co\/portal\/wp-json\/wp\/v2\/pages\/3977","targetHints":{"allow":["GET"]}}],"collection":[{"href":"https:\/\/www.colombiahumana.co\/portal\/wp-json\/wp\/v2\/pages"}],"about":[{"href":"https:\/\/www.colombiahumana.co\/portal\/wp-json\/wp\/v2\/types\/page"}],"author":[{"embeddable":true,"href":"https:\/\/www.colombiahumana.co\/portal\/wp-json\/wp\/v2\/users\/3"}],"replies":[{"embeddable":true,"href":"https:\/\/www.colombiahumana.co\/portal\/wp-json\/wp\/v2\/comments?post=3977"}],"version-history":[{"count":5,"href":"https:\/\/www.colombiahumana.co\/portal\/wp-json\/wp\/v2\/pages\/3977\/revisions"}],"predecessor-version":[{"id":4051,"href":"https:\/\/www.colombiahumana.co\/portal\/wp-json\/wp\/v2\/pages\/3977\/revisions\/4051"}],"wp:attachment":[{"href":"https:\/\/www.colombiahumana.co\/portal\/wp-json\/wp\/v2\/media?parent=3977"}],"curies":[{"name":"wp","href":"https:\/\/api.w.org\/{rel}","templated":true}]}}